{"id":8,"date":"2024-12-15T12:20:28","date_gmt":"2024-12-15T11:20:28","guid":{"rendered":"http:\/\/gammatechnologies.fr\/?page_id=8"},"modified":"2025-07-04T15:41:00","modified_gmt":"2025-07-04T13:41:00","slug":"homepage","status":"publish","type":"page","link":"https:\/\/gammatechnologies.fr\/","title":{"rendered":"Homepage"},"content":{"rendered":"\n<div class=\"wp-block-cover alignfull\" style=\"padding-top:0;padding-bottom:0;min-height:500px;aspect-ratio:unset;\"><img loading=\"lazy\" decoding=\"async\" width=\"2317\" height=\"1293\" class=\"wp-block-cover__image-background wp-image-206\" alt=\"\" src=\"http:\/\/gammatechnologies.fr\/wp-content\/uploads\/2024\/12\/road-highway-neon-light2.jpg\" data-object-fit=\"cover\" srcset=\"https:\/\/gammatechnologies.fr\/wp-content\/uploads\/2024\/12\/road-highway-neon-light2.jpg 2317w, https:\/\/gammatechnologies.fr\/wp-content\/uploads\/2024\/12\/road-highway-neon-light2-300x167.jpg 300w, https:\/\/gammatechnologies.fr\/wp-content\/uploads\/2024\/12\/road-highway-neon-light2-1024x571.jpg 1024w, https:\/\/gammatechnologies.fr\/wp-content\/uploads\/2024\/12\/road-highway-neon-light2-2000x1116.jpg 2000w\" sizes=\"auto, (max-width: 2317px) 100vw, 2317px\" \/><span aria-hidden=\"true\" class=\"wp-block-cover__background has-background-dim-20 has-background-dim\" style=\"background-color:#442954\"><\/span><div class=\"wp-block-cover__inner-container has-global-padding is-layout-constrained wp-container-core-cover-is-layout-95730b41 wp-block-cover-is-layout-constrained\">\n<div style=\"height:55px\" aria-hidden=\"true\" class=\"wp-block-spacer\"><\/div>\n\n\n\n<p class=\"has-text-align-center has-white-color has-text-color has-max-60-font-size\" style=\"font-style:normal;font-weight:700;line-height:1.6\">GAMMA TECHNOLOGIES<\/p>\n\n\n\n<div style=\"height:19px\" aria-hidden=\"true\" class=\"wp-block-spacer\"><\/div>\n\n\n\n<p class=\"has-text-align-center has-white-color has-text-color has-large-font-size\"><strong>Bureau d&rsquo;\u00e9tudes infrastructures<\/strong><\/p>\n\n\n\n<p class=\"has-text-align-center has-white-color has-text-color has-large-font-size\"><strong>Routes, G\u00e9nie-Civil,<\/strong><br><strong>terrassements,<\/strong> <strong>infras lin\u00e9aires, ZAC, plateformes, bassins<\/strong><\/p>\n\n\n\n<div style=\"height:43px\" aria-hidden=\"true\" class=\"wp-block-spacer\"><\/div>\n\n\n\n<p class=\"has-text-align-center\" style=\"font-size:clamp(17.905px, 1.119rem + ((1vw - 3.2px) * 1.052), 28px);\"><strong>DAO\/CAO, \u00e9tudes g\u00e9om\u00e9trique, mod\u00e9lisation, dessin d&rsquo;\u00e9tude et d&rsquo;ex\u00e9cution,<\/strong><br><strong>listing d&rsquo;implantation, cubatures<\/strong><\/p>\n\n\n\n<div style=\"height:13px\" aria-hidden=\"true\" class=\"wp-block-spacer\"><\/div>\n\n\n\n<p class=\"has-text-align-center\" style=\"font-size:clamp(17.905px, 1.119rem + ((1vw - 3.2px) * 1.052), 28px);\"><strong> Faisabilit\u00e9, EP, AVP, PRO, DCE, EXE<\/strong><\/p>\n\n\n\n<div class=\"wp-block-buttons is-content-justification-center is-layout-flex wp-container-core-buttons-is-layout-a89b3969 wp-block-buttons-is-layout-flex\"><\/div>\n<\/div><\/div>\n\n\n\n<div class=\"wp-block-group alignfull pattern_multiple_covers has-white-background-color has-background has-global-padding is-layout-constrained wp-block-group-is-layout-constrained\" id=\"services\">\n<div style=\"height:15px\" aria-hidden=\"true\" class=\"wp-block-spacer\"><\/div>\n\n\n\n<div class=\"wp-block-group has-global-padding is-layout-constrained wp-block-group-is-layout-constrained\">\n<figure class=\"wp-block-image aligncenter size-large is-resized\"><img loading=\"lazy\" decoding=\"async\" width=\"1024\" height=\"366\" src=\"http:\/\/gammatechnologies.fr\/wp-content\/uploads\/2024\/12\/Logo_Gamma_technologiesV4-1024x366.jpg\" alt=\"\" class=\"wp-image-180\" style=\"width:690px;height:auto\" srcset=\"https:\/\/gammatechnologies.fr\/wp-content\/uploads\/2024\/12\/Logo_Gamma_technologiesV4-1024x366.jpg 1024w, https:\/\/gammatechnologies.fr\/wp-content\/uploads\/2024\/12\/Logo_Gamma_technologiesV4-300x107.jpg 300w, https:\/\/gammatechnologies.fr\/wp-content\/uploads\/2024\/12\/Logo_Gamma_technologiesV4-2000x714.jpg 2000w\" sizes=\"auto, (max-width: 1024px) 100vw, 1024px\" \/><\/figure>\n<\/div>\n\n\n\n<h2 class=\"wp-block-heading has-text-align-left\"><\/h2>\n\n\n\n<p>Gamma Technologies a vocation d&rsquo;<strong>accompagner les Ma\u00eetres d&rsquo;Ouvrage, Ma\u00eetres d&rsquo;\u0152uvre et entreprises<\/strong>, depuis les \u00e9tudes pr\u00e9liminaires jusqu&rsquo;\u00e0 la r\u00e9alisation des projets.<\/p>\n\n\n\n<p>Notre expertise principale r\u00e9side dans la <strong>production de livrables<\/strong> \u00e0 l&rsquo;aide des outils<strong> Autopiste et Mensura<\/strong>, comprenant la r\u00e9alisation de <strong>plans, m\u00e9tr\u00e9s et CCTP<\/strong><\/p>\n\n\n\n<p>Nous proposons \u00e9galement des services de formation \u00e0 l&rsquo;attention des entreprises, bureaux d&rsquo;\u00e9tudes, ainsi qu&rsquo;aux collectivit\u00e9s territoriales.<\/p>\n\n\n\n<div style=\"height:122px\" aria-hidden=\"true\" class=\"wp-block-spacer\"><\/div>\n\n\n\n<div class=\"wp-block-columns is-layout-flex wp-container-core-columns-is-layout-28f84493 wp-block-columns-is-layout-flex\">\n<div class=\"wp-block-column is-layout-flow wp-block-column-is-layout-flow\" style=\"padding-top:0;padding-right:0;padding-bottom:0;padding-left:0\">\n<div class=\"wp-block-cover has-custom-content-position is-position-bottom-left\" style=\"border-radius:21px;padding-top:var(--wp--preset--spacing--small);padding-right:var(--wp--preset--spacing--x-small);padding-bottom:var(--wp--preset--spacing--small);padding-left:var(--wp--preset--spacing--x-small);min-height:337px;aspect-ratio:unset;\"><img loading=\"lazy\" decoding=\"async\" width=\"2400\" height=\"1348\" class=\"wp-block-cover__image-background wp-image-67\" alt=\"\" src=\"http:\/\/gammatechnologies.fr\/wp-content\/uploads\/2024\/12\/highway-1.jpg\" data-object-fit=\"cover\" srcset=\"https:\/\/gammatechnologies.fr\/wp-content\/uploads\/2024\/12\/highway-1.jpg 2400w, https:\/\/gammatechnologies.fr\/wp-content\/uploads\/2024\/12\/highway-1-300x169.jpg 300w, https:\/\/gammatechnologies.fr\/wp-content\/uploads\/2024\/12\/highway-1-1024x575.jpg 1024w, https:\/\/gammatechnologies.fr\/wp-content\/uploads\/2024\/12\/highway-1-2000x1123.jpg 2000w\" sizes=\"auto, (max-width: 2400px) 100vw, 2400px\" \/><span aria-hidden=\"true\" class=\"wp-block-cover__background has-primary-background-color has-background-dim-40 has-background-dim\"><\/span><div class=\"wp-block-cover__inner-container is-layout-flow wp-block-cover-is-layout-flow\">\n<h3 class=\"wp-block-heading has-white-color has-text-color\" style=\"margin-top:0;margin-right:0;margin-bottom:0;margin-left:0;font-size:clamp(16.293px, 1.018rem + ((1vw - 3.2px) * 0.907), 25px);\">Infras lin\u00e9aires<\/h3>\n\n\n\n<p class=\"has-small-font-size\"><strong>Routes, autoroutes,<\/strong><\/p>\n\n\n\n<p class=\"has-small-font-size\"><strong>Projets structurants, RD, RN<\/strong><\/p>\n\n\n\n<p class=\"has-small-font-size\"><strong>Carrefours, giratoires, shunt<\/strong><\/p>\n\n\n\n<p><strong>Voiries urbaines<\/strong><\/p>\n<\/div><\/div>\n<\/div>\n\n\n\n<div class=\"wp-block-column is-layout-flow wp-block-column-is-layout-flow\" style=\"padding-top:0;padding-right:0;padding-bottom:0;padding-left:0\">\n<div class=\"wp-block-cover has-custom-content-position is-position-bottom-left\" style=\"border-radius:21px;padding-top:var(--wp--preset--spacing--small);padding-right:var(--wp--preset--spacing--x-small);padding-bottom:var(--wp--preset--spacing--small);padding-left:var(--wp--preset--spacing--x-small);min-height:338px;aspect-ratio:unset;\"><img loading=\"lazy\" decoding=\"async\" width=\"960\" height=\"540\" class=\"wp-block-cover__image-background wp-image-407\" alt=\"\" src=\"http:\/\/gammatechnologies.fr\/wp-content\/uploads\/2025\/01\/bassin_orage.jpg\" style=\"object-position:53% 48%\" data-object-fit=\"cover\" data-object-position=\"53% 48%\" srcset=\"https:\/\/gammatechnologies.fr\/wp-content\/uploads\/2025\/01\/bassin_orage.jpg 960w, https:\/\/gammatechnologies.fr\/wp-content\/uploads\/2025\/01\/bassin_orage-300x169.jpg 300w\" sizes=\"auto, (max-width: 960px) 100vw, 960px\" \/><span aria-hidden=\"true\" class=\"wp-block-cover__background has-primary-background-color has-background-dim-30 has-background-dim\"><\/span><div class=\"wp-block-cover__inner-container has-global-padding is-layout-constrained wp-container-core-cover-is-layout-d0239041 wp-block-cover-is-layout-constrained\">\n<h3 class=\"wp-block-heading has-white-color has-text-color\" style=\"margin-top:0;margin-right:0;margin-bottom:0;margin-left:0;font-size:clamp(16.293px, 1.018rem + ((1vw - 3.2px) * 0.907), 25px);\">Terrassements<\/h3>\n\n\n\n<p class=\"has-small-font-size\"><strong>Projets lin\u00e9aires, plateformes<\/strong><\/p>\n\n\n\n<p><strong>Bassins, traitement des eaux<\/strong><\/p>\n\n\n\n<p><strong>VRD &#8211; R\u00e9seaux<\/strong><\/p>\n\n\n\n<p><strong>Assainissement<\/strong><\/p>\n<\/div><\/div>\n<\/div>\n\n\n\n<div class=\"wp-block-column is-layout-flow wp-block-column-is-layout-flow\" style=\"padding-top:0;padding-right:0;padding-bottom:0;padding-left:0\">\n<div class=\"wp-block-cover has-custom-content-position is-position-bottom-left\" style=\"border-radius:21px;padding-top:var(--wp--preset--spacing--small);padding-right:var(--wp--preset--spacing--x-small);padding-bottom:var(--wp--preset--spacing--small);padding-left:var(--wp--preset--spacing--x-small);min-height:335px;aspect-ratio:unset;\"><img loading=\"lazy\" decoding=\"async\" width=\"1018\" height=\"605\" class=\"wp-block-cover__image-background wp-image-410\" alt=\"\" src=\"http:\/\/gammatechnologies.fr\/wp-content\/uploads\/2025\/01\/Parking01.jpg\" style=\"object-position:50% 37%\" data-object-fit=\"cover\" data-object-position=\"50% 37%\" srcset=\"https:\/\/gammatechnologies.fr\/wp-content\/uploads\/2025\/01\/Parking01.jpg 1018w, https:\/\/gammatechnologies.fr\/wp-content\/uploads\/2025\/01\/Parking01-300x178.jpg 300w\" sizes=\"auto, (max-width: 1018px) 100vw, 1018px\" \/><span aria-hidden=\"true\" class=\"wp-block-cover__background has-primary-background-color has-background-dim-30 has-background-dim\"><\/span><div class=\"wp-block-cover__inner-container is-layout-flow wp-block-cover-is-layout-flow\">\n<h3 class=\"wp-block-heading\" style=\"font-size:clamp(16.293px, 1.018rem + ((1vw - 3.2px) * 0.907), 25px);\">Am\u00e9nagements<\/h3>\n\n\n\n<p class=\"has-small-font-size\"><strong>ZAC<\/strong>, <strong>P\u00f4les multimodaux<\/strong><\/p>\n\n\n\n<p class=\"has-small-font-size\"><strong>Parkings, acc\u00e8s<\/strong>, <strong>quai<\/strong><\/p>\n\n\n\n<p class=\"has-small-font-size\"><strong>P\u00f4les multimodaux<\/strong><\/p>\n\n\n\n<p class=\"has-small-font-size\"><strong>Espaces publics<\/strong><\/p>\n<\/div><\/div>\n<\/div>\n<\/div>\n\n\n\n<div class=\"wp-block-columns is-layout-flex wp-container-core-columns-is-layout-28f84493 wp-block-columns-is-layout-flex\">\n<div class=\"wp-block-column is-layout-flow wp-block-column-is-layout-flow\" style=\"padding-top:0;padding-right:0;padding-bottom:0;padding-left:0\">\n<div class=\"wp-block-cover has-custom-content-position is-position-bottom-left has-aspect-ratio\" style=\"border-style:none;border-width:0px;border-radius:18px;padding-top:var(--wp--preset--spacing--small);padding-right:var(--wp--preset--spacing--x-small);padding-bottom:var(--wp--preset--spacing--small);padding-left:var(--wp--preset--spacing--x-small);min-height:368px;aspect-ratio:1;min-height:unset;\"><img loading=\"lazy\" decoding=\"async\" width=\"1605\" height=\"1080\" class=\"wp-block-cover__image-background wp-image-420\" alt=\"\" src=\"http:\/\/gammatechnologies.fr\/wp-content\/uploads\/2025\/01\/GIR_VP_01.jpg\" style=\"object-position:4% 37%\" data-object-fit=\"cover\" data-object-position=\"4% 37%\" srcset=\"https:\/\/gammatechnologies.fr\/wp-content\/uploads\/2025\/01\/GIR_VP_01.jpg 1605w, https:\/\/gammatechnologies.fr\/wp-content\/uploads\/2025\/01\/GIR_VP_01-300x202.jpg 300w, https:\/\/gammatechnologies.fr\/wp-content\/uploads\/2025\/01\/GIR_VP_01-1024x689.jpg 1024w\" sizes=\"auto, (max-width: 1605px) 100vw, 1605px\" \/><span aria-hidden=\"true\" class=\"wp-block-cover__background has-primary-background-color has-background-dim\"><\/span><div class=\"wp-block-cover__inner-container is-layout-flow wp-container-core-cover-is-layout-4161dc46 wp-block-cover-is-layout-flow\">\n<h3 class=\"wp-block-heading has-white-color has-text-color\" style=\"margin-top:0;margin-right:0;margin-bottom:0;margin-left:0;font-size:clamp(15.197px, 0.95rem + ((1vw - 3.2px) * 0.813), 23px);\">R\u00e9alisation de plans<\/h3>\n\n\n\n<p class=\"has-small-font-size\"><strong>EP &#8211; PRO &#8211; DCE &#8211; EXE<\/strong><\/p>\n\n\n\n<p><strong>2D\/3D &#8211; Mod\u00e9lisation<\/strong><\/p>\n\n\n\n<p><strong>Cubatures, listings<\/strong><\/p>\n\n\n\n<p><strong>Profils en long \/ P-Types<\/strong><\/p>\n<\/div><\/div>\n<\/div>\n\n\n\n<div class=\"wp-block-column is-layout-flow wp-block-column-is-layout-flow\" style=\"padding-top:0;padding-right:0;padding-bottom:0;padding-left:0\">\n<div class=\"wp-block-cover has-custom-content-position is-position-bottom-left\" style=\"border-radius:21px;padding-top:var(--wp--preset--spacing--small);padding-right:var(--wp--preset--spacing--x-small);padding-bottom:var(--wp--preset--spacing--small);padding-left:var(--wp--preset--spacing--x-small);min-height:367px;aspect-ratio:unset;\"><img loading=\"lazy\" decoding=\"async\" width=\"906\" height=\"641\" class=\"wp-block-cover__image-background wp-image-58\" alt=\"\" src=\"http:\/\/gammatechnologies.fr\/wp-content\/uploads\/2024\/12\/Road02.jpg\" style=\"object-position:83% 46%\" data-object-fit=\"cover\" data-object-position=\"83% 46%\" srcset=\"https:\/\/gammatechnologies.fr\/wp-content\/uploads\/2024\/12\/Road02.jpg 906w, https:\/\/gammatechnologies.fr\/wp-content\/uploads\/2024\/12\/Road02-300x212.jpg 300w\" sizes=\"auto, (max-width: 906px) 100vw, 906px\" \/><span aria-hidden=\"true\" class=\"wp-block-cover__background has-primary-background-color has-background-dim-60 has-background-dim\"><\/span><div class=\"wp-block-cover__inner-container is-layout-flow wp-block-cover-is-layout-flow\">\n<h2 class=\"wp-block-heading has-white-color has-text-color\" style=\"margin-top:0;margin-right:0;margin-bottom:0;margin-left:0;font-size:clamp(15.197px, 0.95rem + ((1vw - 3.2px) * 0.813), 23px);\">Formations DAO\/CAO<\/h2>\n\n\n\n<p class=\"has-small-font-size\"><strong>Autocad 2D &#8211; 3D<\/strong><\/p>\n\n\n\n<p class=\"has-small-font-size\"><strong>Covadis Autopiste<\/strong><\/p>\n\n\n\n<p><strong>Strat\u00e9gies et organisations<\/strong><\/p>\n\n\n\n<p><strong>Pack \u00ab\u00a0DAO essentiel\u00a0\u00bb pour ing\u00e9nieurs<\/strong><\/p>\n<\/div><\/div>\n<\/div>\n\n\n\n<div class=\"wp-block-column is-layout-flow wp-block-column-is-layout-flow\" style=\"padding-top:0;padding-right:0;padding-bottom:0;padding-left:0\">\n<div class=\"wp-block-cover has-custom-content-position is-position-bottom-left\" style=\"border-radius:21px;padding-top:var(--wp--preset--spacing--small);padding-right:var(--wp--preset--spacing--x-small);padding-bottom:var(--wp--preset--spacing--small);padding-left:var(--wp--preset--spacing--x-small);min-height:364px;aspect-ratio:unset;\"><img loading=\"lazy\" decoding=\"async\" width=\"976\" height=\"518\" class=\"wp-block-cover__image-background wp-image-59\" alt=\"\" src=\"http:\/\/gammatechnologies.fr\/wp-content\/uploads\/2024\/12\/liveye_02.jpg\" data-object-fit=\"cover\" srcset=\"https:\/\/gammatechnologies.fr\/wp-content\/uploads\/2024\/12\/liveye_02.jpg 976w, https:\/\/gammatechnologies.fr\/wp-content\/uploads\/2024\/12\/liveye_02-300x159.jpg 300w\" sizes=\"auto, (max-width: 976px) 100vw, 976px\" \/><span aria-hidden=\"true\" class=\"wp-block-cover__background has-primary-background-color has-background-dim-60 has-background-dim\"><\/span><div class=\"wp-block-cover__inner-container is-layout-flow wp-block-cover-is-layout-flow\">\n<p style=\"font-size:clamp(15.197px, 0.95rem + ((1vw - 3.2px) * 0.813), 23px);\"><strong>Formations Collectivit\u00e9s<\/strong><\/p>\n\n\n\n<p><strong>Elus, DGS, techniciens <\/strong><\/p>\n\n\n\n<p><strong>Les \u00e9volutions r\u00e8glementaires<\/strong><\/p>\n\n\n\n<p><strong>Les imp\u00e9ratifs g\u00e9om\u00e9triques<\/strong><\/p>\n\n\n\n<p class=\"has-small-font-size\"><strong>Enjeux environnementaux<\/strong><\/p>\n<\/div><\/div>\n<\/div>\n<\/div>\n\n\n\n<div style=\"height:73px\" aria-hidden=\"true\" class=\"wp-block-spacer\"><\/div>\n<\/div>\n\n\n\n<div class=\"wp-block-group alignfull pattern_multiple_covers has-white-background-color has-background has-global-padding is-layout-constrained wp-block-group-is-layout-constrained\" id=\"services\">\n<figure class=\"wp-block-image aligncenter size-large is-resized\"><img loading=\"lazy\" decoding=\"async\" width=\"1024\" height=\"251\" src=\"http:\/\/gammatechnologies.fr\/wp-content\/uploads\/2024\/12\/Gamma-Le-projet-1024x251.jpg\" alt=\"\" class=\"wp-image-227\" style=\"width:700px\" srcset=\"https:\/\/gammatechnologies.fr\/wp-content\/uploads\/2024\/12\/Gamma-Le-projet-1024x251.jpg 1024w, https:\/\/gammatechnologies.fr\/wp-content\/uploads\/2024\/12\/Gamma-Le-projet-300x73.jpg 300w, https:\/\/gammatechnologies.fr\/wp-content\/uploads\/2024\/12\/Gamma-Le-projet-2000x489.jpg 2000w\" sizes=\"auto, (max-width: 1024px) 100vw, 1024px\" \/><\/figure>\n\n\n\n<div style=\"height:21px\" aria-hidden=\"true\" class=\"wp-block-spacer\"><\/div>\n\n\n\n<p class=\"has-text-align-left\"><strong>L&rsquo;intuition initiale : des outils d&rsquo;aide \u00e0 la d\u00e9cision<\/strong><\/p>\n\n\n\n<p class=\"has-text-align-left\">Avoir collabor\u00e9 aupr\u00e8s de <strong>d\u00e9cideurs et prescripteurs, publics ou priv\u00e9s<\/strong>, nous a permis de comprendre finement les attentes en livrables qui composeront l&rsquo;offre pour la r\u00e9ponse d&rsquo;appel d&rsquo;offre ou bien qui structureront les plans d&rsquo;EXE.<\/p>\n\n\n\n<div style=\"height:28px\" aria-hidden=\"true\" class=\"wp-block-spacer\"><\/div>\n\n\n\n<p class=\"has-text-align-left\"><strong>La cr\u00e9ation : une volont\u00e9 de r\u00e9pondre aux exigences de qualit\u00e9<\/strong><\/p>\n\n\n\n<p>Nous sommes convaincus que la <strong>pertinence de la solution technique<\/strong> doubl\u00e9e d&rsquo;une qualit\u00e9 graphique sont les composants indispensables pour la constitution de bons livrables. Nous investissons aux mieux les possibilit\u00e9s de nos logiciels pour produire des <strong>livrables de qualit\u00e9<\/strong>.<\/p>\n\n\n\n<figure class=\"wp-block-image size-large is-resized\"><img loading=\"lazy\" decoding=\"async\" width=\"1024\" height=\"524\" src=\"https:\/\/gammatechnologies.fr\/wp-content\/uploads\/2025\/01\/image-3-1024x524.png\" alt=\"\" class=\"wp-image-328\" style=\"width:1140px;height:auto\" srcset=\"https:\/\/gammatechnologies.fr\/wp-content\/uploads\/2025\/01\/image-3-1024x524.png 1024w, https:\/\/gammatechnologies.fr\/wp-content\/uploads\/2025\/01\/image-3-300x154.png 300w, https:\/\/gammatechnologies.fr\/wp-content\/uploads\/2025\/01\/image-3.png 1072w\" sizes=\"auto, (max-width: 1024px) 100vw, 1024px\" \/><\/figure>\n\n\n\n<div style=\"height:28px\" aria-hidden=\"true\" class=\"wp-block-spacer\"><\/div>\n\n\n\n<p><strong>Collectivit\u00e9s territoriales et partenaires institutionnels<\/strong><\/p>\n\n\n\n<p class=\"has-text-align-left\">La participation \u00e0 la r\u00e9daction de march\u00e9s publics aupr\u00e8s de collectivit\u00e9s territoriales nous a donn\u00e9 une vision suppl\u00e9mentaire qui donne <strong>une r\u00e9elle plus-value<\/strong> \u00e0 nos prestations. <\/p>\n\n\n\n<div style=\"height:28px\" aria-hidden=\"true\" class=\"wp-block-spacer\"><\/div>\n\n\n\n<p><strong>Culture technique : un spectre large<\/strong><\/p>\n\n\n\n<p>En compl\u00e9ment de nos missions principales, nous avons acquis une solide exp\u00e9rience dans des secteurs vari\u00e9s tels que l&rsquo;architecture, l&rsquo;industrie, et l&rsquo;a\u00e9ronautique.<\/p>\n\n\n\n<p>Nos interventions dans des domaines techniques sp\u00e9cifiques tels que l&rsquo;acoustique et l&rsquo;environnement nous ont permis de d\u00e9velopper une <strong>expertise approfondie<\/strong> et une grande sensibilit\u00e9 aux enjeux qui structurent la conception globale du projet.<\/p>\n\n\n\n<p><\/p>\n\n\n\n<p>Nous avons chacun collabor\u00e9, que ce soit en salariat ou en free-lance, avec :<\/p>\n\n\n\n<div style=\"height:9px\" aria-hidden=\"true\" class=\"wp-block-spacer\"><\/div>\n\n\n\n<div style=\"height:82px\" aria-hidden=\"true\" class=\"wp-block-spacer\"><\/div>\n\n\n\n<figure class=\"wp-block-image aligncenter size-full is-resized\"><img loading=\"lazy\" decoding=\"async\" width=\"772\" height=\"57\" src=\"http:\/\/gammatechnologies.fr\/wp-content\/uploads\/2025\/07\/Logo1.jpg\" alt=\"\" class=\"wp-image-444\" style=\"width:921px;height:auto\" srcset=\"https:\/\/gammatechnologies.fr\/wp-content\/uploads\/2025\/07\/Logo1.jpg 772w, https:\/\/gammatechnologies.fr\/wp-content\/uploads\/2025\/07\/Logo1-300x22.jpg 300w\" sizes=\"auto, (max-width: 772px) 100vw, 772px\" \/><\/figure>\n\n\n\n<figure class=\"wp-block-image aligncenter size-full is-resized\"><img loading=\"lazy\" decoding=\"async\" width=\"811\" height=\"127\" src=\"http:\/\/gammatechnologies.fr\/wp-content\/uploads\/2025\/07\/Logo2.jpg\" alt=\"\" class=\"wp-image-445\" style=\"width:824px;height:auto\" srcset=\"https:\/\/gammatechnologies.fr\/wp-content\/uploads\/2025\/07\/Logo2.jpg 811w, https:\/\/gammatechnologies.fr\/wp-content\/uploads\/2025\/07\/Logo2-300x47.jpg 300w\" sizes=\"auto, (max-width: 811px) 100vw, 811px\" \/><\/figure>\n<\/div>\n\n\n\n<div style=\"height:90px\" aria-hidden=\"true\" class=\"wp-block-spacer\"><\/div>\n\n\n\n<div class=\"wp-block-group has-global-padding is-layout-constrained wp-block-group-is-layout-constrained\">\n<figure class=\"wp-block-image aligncenter size-large is-resized\"><img loading=\"lazy\" decoding=\"async\" width=\"1024\" height=\"251\" src=\"http:\/\/gammatechnologies.fr\/wp-content\/uploads\/2024\/12\/Gamma-Localisation-1024x251.jpg\" alt=\"\" class=\"wp-image-226\" style=\"width:700px\" srcset=\"https:\/\/gammatechnologies.fr\/wp-content\/uploads\/2024\/12\/Gamma-Localisation-1024x251.jpg 1024w, https:\/\/gammatechnologies.fr\/wp-content\/uploads\/2024\/12\/Gamma-Localisation-300x73.jpg 300w, https:\/\/gammatechnologies.fr\/wp-content\/uploads\/2024\/12\/Gamma-Localisation-2000x489.jpg 2000w\" sizes=\"auto, (max-width: 1024px) 100vw, 1024px\" \/><\/figure>\n\n\n\n<p>Gamma Technologies est bas\u00e9e \u00e0 Martigues et son rayon d&rsquo;action est le territoire fran\u00e7ais entier.<\/p>\n\n\n\n<p>Notre exp\u00e9rience nous permet de collaborer ais\u00e9ment \u00e0 distance avec les chefs de projets et partenaires sans exclure le pr\u00e9sentiel \u00e0 nos prestations.<\/p>\n\n\n\n<figure class=\"wp-block-image size-full\"><img loading=\"lazy\" decoding=\"async\" width=\"1786\" height=\"980\" src=\"https:\/\/gammatechnologies.fr\/wp-content\/uploads\/2024\/12\/MARTIGUES-NB-COULEUR_V2.jpg\" alt=\"\" class=\"wp-image-215\" srcset=\"https:\/\/gammatechnologies.fr\/wp-content\/uploads\/2024\/12\/MARTIGUES-NB-COULEUR_V2.jpg 1786w, https:\/\/gammatechnologies.fr\/wp-content\/uploads\/2024\/12\/MARTIGUES-NB-COULEUR_V2-300x165.jpg 300w, https:\/\/gammatechnologies.fr\/wp-content\/uploads\/2024\/12\/MARTIGUES-NB-COULEUR_V2-1024x562.jpg 1024w\" sizes=\"auto, (max-width: 1786px) 100vw, 1786px\" \/><\/figure>\n<\/div>\n\n\n\n<div class=\"wp-block-group has-global-padding is-layout-constrained wp-block-group-is-layout-constrained\"><\/div>\n\n\n\n<div class=\"wp-block-cover alignfull has-parallax has-custom-content-position is-position-top-center is-position-center-center\" style=\"border-radius:0px\"><div class=\"wp-block-cover__image-background wp-image-210 has-parallax\" style=\"background-position:50% 50%;background-image:url(http:\/\/gammatechnologies.fr\/wp-content\/uploads\/2024\/12\/Route-nuit-01.jpg)\"><\/div><span aria-hidden=\"true\" class=\"wp-block-cover__background has-black-background-color has-background-dim-40 has-background-dim\"><\/span><div class=\"wp-block-cover__inner-container is-layout-flow wp-block-cover-is-layout-flow\">\n<div class=\"wp-block-group has-global-padding is-layout-constrained wp-block-group-is-layout-constrained\">\n<div style=\"height:31px\" aria-hidden=\"true\" class=\"wp-block-spacer\"><\/div>\n\n\n\n<div class=\"wp-block-buttons is-horizontal is-content-justification-center is-layout-flex wp-container-core-buttons-is-layout-03627597 wp-block-buttons-is-layout-flex\"><\/div>\n<\/div>\n<\/div><\/div>\n\n\n\n<p><\/p>\n","protected":false},"excerpt":{"rendered":"<p>Gamma Technologies a vocation d&rsquo;accompagner les Ma\u00eetres d&rsquo;Ouvrage, Ma\u00eetres d&rsquo;\u0152uvre et entreprises, depuis les \u00e9tudes pr\u00e9liminaires jusqu&rsquo;\u00e0 la r\u00e9alisation des projets. Notre expertise principale r\u00e9side dans la production de livrables \u00e0 l&rsquo;aide des outils Autopiste et Mensura, comprenant la r\u00e9alisation de plans, m\u00e9tr\u00e9s et CCTP Nous proposons \u00e9galement des services de formation \u00e0 l&rsquo;attention des &hellip; <\/p>\n<p class=\"link-more\"><a href=\"https:\/\/gammatechnologies.fr\/\" class=\"more-link\">Lire la suite de<span class=\"screen-reader-text\">\u00ab\u00a0Homepage\u00a0\u00bb<\/span><\/a><\/p>\n","protected":false},"author":1,"featured_media":67,"parent":0,"menu_order":0,"comment_status":"closed","ping_status":"closed","template":"page-templates\/homepage-no-hero.php","meta":{"footnotes":""},"class_list":["post-8","page","type-page","status-publish","has-post-thumbnail","hentry"],"_links":{"self":[{"href":"https:\/\/gammatechnologies.fr\/index.php\/wp-json\/wp\/v2\/pages\/8","targetHints":{"allow":["GET"]}}],"collection":[{"href":"https:\/\/gammatechnologies.fr\/index.php\/wp-json\/wp\/v2\/pages"}],"about":[{"href":"https:\/\/gammatechnologies.fr\/index.php\/wp-json\/wp\/v2\/types\/page"}],"author":[{"embeddable":true,"href":"https:\/\/gammatechnologies.fr\/index.php\/wp-json\/wp\/v2\/users\/1"}],"replies":[{"embeddable":true,"href":"https:\/\/gammatechnologies.fr\/index.php\/wp-json\/wp\/v2\/comments?post=8"}],"version-history":[{"count":249,"href":"https:\/\/gammatechnologies.fr\/index.php\/wp-json\/wp\/v2\/pages\/8\/revisions"}],"predecessor-version":[{"id":453,"href":"https:\/\/gammatechnologies.fr\/index.php\/wp-json\/wp\/v2\/pages\/8\/revisions\/453"}],"wp:featuredmedia":[{"embeddable":true,"href":"https:\/\/gammatechnologies.fr\/index.php\/wp-json\/wp\/v2\/media\/67"}],"wp:attachment":[{"href":"https:\/\/gammatechnologies.fr\/index.php\/wp-json\/wp\/v2\/media?parent=8"}],"curies":[{"name":"wp","href":"https:\/\/api.w.org\/{rel}","templated":true}]}}