{"id":374,"date":"2025-01-20T04:35:28","date_gmt":"2025-01-20T03:35:28","guid":{"rendered":"https:\/\/gammatechnologies.fr\/?page_id=374"},"modified":"2025-07-04T16:55:16","modified_gmt":"2025-07-04T14:55:16","slug":"formation-elus-dgs-dgst-amenagements-routiers","status":"publish","type":"page","link":"https:\/\/gammatechnologies.fr\/index.php\/formation-elus-dgs-dgst-amenagements-routiers\/","title":{"rendered":"Formation \u00c9lus, DGS\/T"},"content":{"rendered":"\n<p>Cette formation favorise aussi l\u2019acc\u00e8s aux connaissances que doivent int\u00e9grer les acteurs locaux des politiques routi\u00e8res d\u00e8s lors qu&rsquo;ils ont, ou auront, \u00e0 porter un projet d&rsquo;am\u00e9nagement routier sur leur domaine.<\/p>\n\n\n\n<p>Cette prestation est orient\u00e9e en fonction de la collectivit\u00e9 qui souhaite en b\u00e9n\u00e9ficier (caract\u00e9ristiques locales, consid\u00e9rations g\u00e9ologiques, PLu, PLUi).<\/p>\n\n\n\n<figure class=\"wp-block-image aligncenter is-resized\"><img decoding=\"async\" src=\"https:\/\/lh7-rt.googleusercontent.com\/docsz\/AD_4nXdVliy_0NbkckuPTmkXcjuZwm-wqZ-4lGEoo_1mOrsySsEOVIE6Fh8kUCRKRJGuXpfrLrh81tmPdQ9yomXrF9K0QzPUdSDsjbGkW7yC5r5KE_tiRJI-Z5MBHdaS5EtzcqZWVp4kXw?key=2m3WZTN7itiKTXUiUI7YgVbI\" alt=\"\" style=\"width:815px;height:auto\"\/><\/figure>\n\n\n\n<div style=\"height:49px\" aria-hidden=\"true\" class=\"wp-block-spacer\"><\/div>\n\n\n\n<p><strong>Pr\u00e9sentation de cas concrets<\/strong><\/p>\n\n\n\n<ul class=\"wp-block-list\">\n<li>Trac\u00e9s neufs, \u00e9largissements, mise au normes<\/li>\n\n\n\n<li>Pistes cyclables, bandes cyclables<\/li>\n\n\n\n<li>Giratoires, tourne-\u00e0-gauches, shunt, bretelles,<\/li>\n\n\n\n<li>Acc\u00e8s ZAC<\/li>\n<\/ul>\n\n\n\n<figure class=\"wp-block-image aligncenter size-large is-resized\"><img loading=\"lazy\" decoding=\"async\" width=\"1024\" height=\"503\" src=\"https:\/\/gammatechnologies.fr\/wp-content\/uploads\/2025\/01\/image-14-1024x503.png\" alt=\"\" class=\"wp-image-388\" style=\"width:869px;height:auto\" srcset=\"https:\/\/gammatechnologies.fr\/wp-content\/uploads\/2025\/01\/image-14-1024x503.png 1024w, https:\/\/gammatechnologies.fr\/wp-content\/uploads\/2025\/01\/image-14-300x147.png 300w, https:\/\/gammatechnologies.fr\/wp-content\/uploads\/2025\/01\/image-14.png 1330w\" sizes=\"auto, (max-width: 1024px) 100vw, 1024px\" \/><\/figure>\n\n\n\n<p><strong>Domaines : <\/strong><\/p>\n\n\n\n<ul class=\"wp-block-list\">\n<li>Infrastructures routi\u00e8res, RD, giratoires, intersections<\/li>\n\n\n\n<li>Accessoires et d\u00e9pendances de la routes<\/li>\n<\/ul>\n\n\n\n<p><\/p>\n\n\n\n<p><strong>Objet :<\/strong> Am\u00e9nagements routiers, voiries communales, RD, RN.<\/p>\n\n\n\n<ul class=\"wp-block-list\">\n<li>Porter \u00e0 connaissance les r\u00e8gles de l\u2019art de la conception routi\u00e8re aux acteurs et d\u00e9cideurs des politiques routi\u00e8res<\/li>\n\n\n\n<li>Permettre aux \u00e9lus d\u2019accomplir les diligences normales compte tenu de leurs comp\u00e9tences, du pouvoir et des moyens dont ils disposent ainsi que des difficult\u00e9s propres aux missions que la loi leur confie.<\/li>\n<\/ul>\n\n\n\n<p><strong>Plus-value :<\/strong><\/p>\n\n\n\n<ul class=\"wp-block-list\">\n<li>Ma\u00eetrise du projet : synth\u00e8se des donn\u00e9es d&rsquo;entr\u00e9e, trafics, g\u00e9om\u00e9tries, enjeux environnementaux<\/li>\n\n\n\n<li>Am\u00e9liorer les relations avec les institutions et partenaires : subventions, participations, conventions<\/li>\n\n\n\n<li>Saisir les cons\u00e9quences sur les march\u00e9 publics, sur le foncier<\/li>\n\n\n\n<li>Ma\u00eetriser l&rsquo;argumentation technique \u00e0 l\u2019attention : \n<ul class=\"wp-block-list\">\n<li>des administr\u00e9s : programmes, financements et phasages<\/li>\n\n\n\n<li>des entreprises : AMO, MOe.<\/li>\n<\/ul>\n<\/li>\n<\/ul>\n\n\n\n<p><\/p>\n\n\n\n<p><strong>Dur\u00e9e<\/strong><\/p>\n\n\n\n<ul class=\"wp-block-list\">\n<li>1\/2 journ\u00e9e dans vos locaux + accompagnement \u00e0 distance (Visio)<\/li>\n<\/ul>\n\n\n\n<p><strong>Supports p\u00e9dagogique<\/strong>s<\/p>\n\n\n\n<ul class=\"wp-block-list\">\n<li>PDF de veille r\u00e8glementaire\n<ul class=\"wp-block-list\">\n<li>Code G\u00e9n\u00e9ral des Collectivit\u00e9s Territoriales<\/li>\n\n\n\n<li>Code de la route<\/li>\n\n\n\n<li>Code de la voirie routi\u00e8re<\/li>\n\n\n\n<li>Code de l\u2019environnement.<\/li>\n<\/ul>\n<\/li>\n\n\n\n<li>Extraits des normes ARP, ACI, TOL (C\u00e9r\u00e9ma, IDRRIM, IISR)<\/li>\n\n\n\n<li>Sch\u00e9mas : dimensions, girations, assiette, emprises<\/li>\n\n\n\n<li>Rappel des principales proc\u00e9dures : les institutions, instructions, d\u00e9lais<\/li>\n<\/ul>\n\n\n\n<p><\/p>\n\n\n\n<p><\/p>\n\n\n\n<figure class=\"wp-block-image aligncenter size-large is-resized\"><img loading=\"lazy\" decoding=\"async\" width=\"1024\" height=\"601\" src=\"https:\/\/gammatechnologies.fr\/wp-content\/uploads\/2025\/01\/image-13-1024x601.png\" alt=\"\" class=\"wp-image-375\" style=\"width:823px;height:auto\" srcset=\"https:\/\/gammatechnologies.fr\/wp-content\/uploads\/2025\/01\/image-13-1024x601.png 1024w, https:\/\/gammatechnologies.fr\/wp-content\/uploads\/2025\/01\/image-13-300x176.png 300w, https:\/\/gammatechnologies.fr\/wp-content\/uploads\/2025\/01\/image-13.png 1891w\" sizes=\"auto, (max-width: 1024px) 100vw, 1024px\" \/><\/figure>\n\n\n\n<p><strong>Plan de la formation :&nbsp;<\/strong><\/p>\n\n\n\n<ul class=\"wp-block-list\">\n<li><strong>Rappel des comp\u00e9tences<\/strong> <strong>\u00e0 propos de la voirie<\/strong>\n<ul class=\"wp-block-list\">\n<li>Typologie des routes et limites de comp\u00e9tences<\/li>\n\n\n\n<li>Pouvoirs et obligations des diff\u00e9rentes collectivit\u00e9s territoriales<\/li>\n\n\n\n<li>Pouvoirs de police et responsabilit\u00e9s p\u00e9nales<\/li>\n<\/ul>\n<\/li>\n<\/ul>\n\n\n\n<ul class=\"wp-block-list\">\n<li><strong>Rappel des fondamentaux<\/strong>\n<ul class=\"wp-block-list\">\n<li>La conception routi\u00e8re : vitesse, s\u00e9curit\u00e9, visibilit\u00e9<\/li>\n\n\n\n<li>Enjeux d\u2019espaces : emprises, foncier, servitudes<\/li>\n\n\n\n<li>Notions des accessoires de la routes (foss\u00e9s, bassins)<\/li>\n\n\n\n<li>Enjeux environnementaux : assainissement, loi sur l\u2019eau, impacts sur le projet.<\/li>\n<\/ul>\n<\/li>\n<\/ul>\n\n\n\n<ul class=\"wp-block-list\">\n<li><strong>Normes routi\u00e8res impactant le projet<\/strong>\n<ul class=\"wp-block-list\">\n<li>Normes routi\u00e8res : ARP, ACI\u2026<\/li>\n\n\n\n<li>Normes cycles-pi\u00e9tons<\/li>\n\n\n\n<li>Normes BUS, PL, transports exceptionnels<\/li>\n<\/ul>\n<\/li>\n<\/ul>\n\n\n\n<ul class=\"wp-block-list\">\n<li><strong>Obligations r\u00e8glementaires<\/strong>\n<ul class=\"wp-block-list\">\n<li>Loi 3DS, Loi LOM, relations avec la DREAL<\/li>\n\n\n\n<li>Loi sur l\u2019eau (Bassins, assainissements, pollution\u2026)<\/li>\n\n\n\n<li>Risques de r\u00e9f\u00e9r\u00e9s pr\u00e9contractuels<\/li>\n<\/ul>\n<\/li>\n<\/ul>\n\n\n\n<ul class=\"wp-block-list\">\n<li><strong>Les march\u00e9s publics<\/strong> <strong>et pouvoirs adjudicateurs<\/strong>\n<ul class=\"wp-block-list\">\n<li>CCTP, CCAP, RC<\/li>\n\n\n\n<li>Seuils, proc\u00e9dures, allotissements<\/li>\n\n\n\n<li>Risques de r\u00e9f\u00e9r\u00e9s pr\u00e9contractuels<\/li>\n<\/ul>\n<\/li>\n<\/ul>\n\n\n\n<ul class=\"wp-block-list\">\n<li><strong>Analyses jurisprudentielles<\/strong>\n<ul class=\"wp-block-list\">\n<li>les cas d&rsquo;\u00e9cole: \n<ul class=\"wp-block-list\">\n<li>Ralentisseurs et plateaux (CAA de MARSEILLE, 4\u00e8me chambre, 30\/04\/2024, 23MA02564)<\/li>\n\n\n\n<li>Verglas et entretien (CAA de MARSEILLE, 6\u00e8me chambre, du 26 juin 2006, 04MA00874)<\/li>\n\n\n\n<li>Ouvrage excessivement dangereux (CAA de LYON, 6\u00e8me chambre, 13\/10\/2022, 21LY01821)<\/li>\n<\/ul>\n<\/li>\n<\/ul>\n<\/li>\n<\/ul>\n\n\n\n<figure class=\"wp-block-image aligncenter size-large is-resized\"><img loading=\"lazy\" decoding=\"async\" width=\"1024\" height=\"539\" src=\"https:\/\/gammatechnologies.fr\/wp-content\/uploads\/2025\/01\/image-15-1024x539.png\" alt=\"\" class=\"wp-image-393\" style=\"width:792px;height:auto\" srcset=\"https:\/\/gammatechnologies.fr\/wp-content\/uploads\/2025\/01\/image-15-1024x539.png 1024w, https:\/\/gammatechnologies.fr\/wp-content\/uploads\/2025\/01\/image-15-300x158.png 300w, https:\/\/gammatechnologies.fr\/wp-content\/uploads\/2025\/01\/image-15-2000x1052.png 2000w\" sizes=\"auto, (max-width: 1024px) 100vw, 1024px\" \/><\/figure>\n\n\n\n<p><\/p>\n","protected":false},"excerpt":{"rendered":"<p>Cette formation favorise aussi l\u2019acc\u00e8s aux connaissances que doivent int\u00e9grer les acteurs locaux des politiques routi\u00e8res d\u00e8s lors qu&rsquo;ils ont, ou auront, \u00e0 porter un projet d&rsquo;am\u00e9nagement routier sur leur domaine. Cette prestation est orient\u00e9e en fonction de la collectivit\u00e9 qui souhaite en b\u00e9n\u00e9ficier (caract\u00e9ristiques locales, consid\u00e9rations g\u00e9ologiques, PLu, PLUi). Pr\u00e9sentation de cas concrets Domaines &hellip; <\/p>\n<p class=\"link-more\"><a href=\"https:\/\/gammatechnologies.fr\/index.php\/formation-elus-dgs-dgst-amenagements-routiers\/\" class=\"more-link\">Lire la suite de<span class=\"screen-reader-text\">\u00ab\u00a0Formation \u00c9lus, DGS\/T\u00a0\u00bb<\/span><\/a><\/p>\n","protected":false},"author":1,"featured_media":0,"parent":0,"menu_order":0,"comment_status":"closed","ping_status":"closed","template":"","meta":{"footnotes":""},"class_list":["post-374","page","type-page","status-publish","hentry"],"_links":{"self":[{"href":"https:\/\/gammatechnologies.fr\/index.php\/wp-json\/wp\/v2\/pages\/374","targetHints":{"allow":["GET"]}}],"collection":[{"href":"https:\/\/gammatechnologies.fr\/index.php\/wp-json\/wp\/v2\/pages"}],"about":[{"href":"https:\/\/gammatechnologies.fr\/index.php\/wp-json\/wp\/v2\/types\/page"}],"author":[{"embeddable":true,"href":"https:\/\/gammatechnologies.fr\/index.php\/wp-json\/wp\/v2\/users\/1"}],"replies":[{"embeddable":true,"href":"https:\/\/gammatechnologies.fr\/index.php\/wp-json\/wp\/v2\/comments?post=374"}],"version-history":[{"count":22,"href":"https:\/\/gammatechnologies.fr\/index.php\/wp-json\/wp\/v2\/pages\/374\/revisions"}],"predecessor-version":[{"id":469,"href":"https:\/\/gammatechnologies.fr\/index.php\/wp-json\/wp\/v2\/pages\/374\/revisions\/469"}],"wp:attachment":[{"href":"https:\/\/gammatechnologies.fr\/index.php\/wp-json\/wp\/v2\/media?parent=374"}],"curies":[{"name":"wp","href":"https:\/\/api.w.org\/{rel}","templated":true}]}}