{"id":362,"date":"2025-01-13T04:17:07","date_gmt":"2025-01-13T03:17:07","guid":{"rendered":"https:\/\/gammatechnologies.fr\/?page_id=362"},"modified":"2025-01-17T06:04:58","modified_gmt":"2025-01-17T05:04:58","slug":"formation-autocad-pack-ingenieur","status":"publish","type":"page","link":"https:\/\/gammatechnologies.fr\/index.php\/formation-autocad-pack-ingenieur\/","title":{"rendered":"Formation Autocad Ing\u00e9nieur"},"content":{"rendered":"\n<p>Nous offrons sur une journ\u00e9e les outils minimum et indispensables pour que chaque op\u00e9rateur d&rsquo;une affaire puisse exploiter et apporter sa plus-value sur les plans re\u00e7us, les annoter et les diffuser \u00e0 ses \u00e9quipes.<\/p>\n\n\n\n<div style=\"height:33px\" aria-hidden=\"true\" class=\"wp-block-spacer\"><\/div>\n\n\n\n<figure class=\"wp-block-image aligncenter size-full\"><img loading=\"lazy\" decoding=\"async\" width=\"759\" height=\"430\" src=\"https:\/\/gammatechnologies.fr\/wp-content\/uploads\/2025\/01\/image-9.png\" alt=\"\" class=\"wp-image-363\" srcset=\"https:\/\/gammatechnologies.fr\/wp-content\/uploads\/2025\/01\/image-9.png 759w, https:\/\/gammatechnologies.fr\/wp-content\/uploads\/2025\/01\/image-9-300x170.png 300w\" sizes=\"auto, (max-width: 759px) 100vw, 759px\" \/><\/figure>\n\n\n\n<p><strong>Dur\u00e9e <\/strong><\/p>\n\n\n\n<ul class=\"wp-block-list\">\n<li>1 journ\u00e9e + aide \u00e0 distance (Visio)<\/li>\n<\/ul>\n\n\n\n<p><strong>Support p\u00e9dagogique<\/strong><\/p>\n\n\n\n<ul class=\"wp-block-list\">\n<li>Tuto PDF<\/li>\n\n\n\n<li>Suivi et aide \u00e0 distance par visio durant 1 mois<\/li>\n<\/ul>\n\n\n\n<p><strong>Public concern\u00e9<\/strong><\/p>\n\n\n\n<ul class=\"wp-block-list\">\n<li>Responsables d\u2019affaires, ing\u00e9nieurs, techniciens impliqu\u00e9s dans la r\u00e9alisation et la modification de plans.<\/li>\n<\/ul>\n\n\n\n<p><strong>Domaines&nbsp;<\/strong><\/p>\n\n\n\n<p>Infrastructures, routes, b\u00e2timents, industrie, m\u00e9canique\u2026<\/p>\n\n\n\n<p><strong>Avantages apport\u00e9s<\/strong><\/p>\n\n\n\n<ul class=\"wp-block-list\">\n<li>Autonomie dans les recueil et lectures de donn\u00e9es (plan topo, coupes, \u00e9l\u00e9vation profils\u2026)<\/li>\n\n\n\n<li>Rapidit\u00e9 de d\u00e9cision et pr\u00e9cision dans les directives \u00e0 suivre.<\/li>\n<\/ul>\n\n\n\n<p><strong>Objectifs de la formation<\/strong><\/p>\n\n\n\n<ul class=\"wp-block-list\">\n<li>Ouverture, lecture, zoom et rep\u00e9rage g\u00e9ographique sur un plan re\u00e7u<\/li>\n\n\n\n<li>Pouvoir coter des entit\u00e9s sur un plan (Routes, constructions, zones)<\/li>\n\n\n\n<li>Relever des informations (distances, surfaces)<\/li>\n\n\n\n<li>Dessiner des entit\u00e9s (lignes, formes g\u00e9om\u00e9triques, textes, cotes et annotations)<\/li>\n\n\n\n<li>Ins\u00e9rer des images Google Maps \u00e0 l\u2019\u00e9chelle et les c\u00f4ter.<\/li>\n\n\n\n<li>Gestion des Xref (Noms, r\u00e9pertoires, calques\u2026)<\/li>\n\n\n\n<li>Mise en page et impression \u00e0 l\u2019\u00e9chelle voulue.<\/li>\n\n\n\n<li>Impression papier et PDF<\/li>\n\n\n\n<li>Export en format compress\u00e9 (Etransmit)<\/li>\n<\/ul>\n\n\n\n<p><strong>Plan de la formation :<\/strong>&nbsp;<\/p>\n\n\n\n<ul class=\"wp-block-list\">\n<li>Environnement d\u2019Autocad (Espace objet, espace papier, unit\u00e9s\u2026)<\/li>\n\n\n\n<li>Structure d\u2019un DWG (Notion de calques, d\u2019entit\u00e9s, de propri\u00e9t\u00e9s\u2026)<\/li>\n\n\n\n<li>Gestion des Xrefs<\/li>\n\n\n\n<li>Outils graphiques de dessins (Ligne, cercles, ellipse, polygones\u2026)<\/li>\n\n\n\n<li>Outils de modification (copier, coller, d\u00e9placer, rotation\u2026)<\/li>\n\n\n\n<li>Outils d\u2019habillage (Cotation, Hachures, texte, nuages de r\u00e9vision)<\/li>\n\n\n\n<li>Impression PDF et papier \u00e0 l\u2019\u00e9chelle d\u00e9sir\u00e9e.<\/li>\n<\/ul>\n\n\n\n<div style=\"height:25px\" aria-hidden=\"true\" class=\"wp-block-spacer\"><\/div>\n\n\n\n<div class=\"wp-block-columns is-layout-flex wp-container-core-columns-is-layout-28f84493 wp-block-columns-is-layout-flex\">\n<div class=\"wp-block-column is-layout-flow wp-block-column-is-layout-flow\">\n<figure class=\"wp-block-image size-full\"><img loading=\"lazy\" decoding=\"async\" width=\"455\" height=\"298\" src=\"https:\/\/gammatechnologies.fr\/wp-content\/uploads\/2025\/01\/image-12.png\" alt=\"\" class=\"wp-image-366\" srcset=\"https:\/\/gammatechnologies.fr\/wp-content\/uploads\/2025\/01\/image-12.png 455w, https:\/\/gammatechnologies.fr\/wp-content\/uploads\/2025\/01\/image-12-300x196.png 300w\" sizes=\"auto, (max-width: 455px) 100vw, 455px\" \/><\/figure>\n<\/div>\n\n\n\n<div class=\"wp-block-column is-layout-flow wp-block-column-is-layout-flow\">\n<figure class=\"wp-block-image size-full\"><img loading=\"lazy\" decoding=\"async\" width=\"688\" height=\"401\" src=\"https:\/\/gammatechnologies.fr\/wp-content\/uploads\/2025\/01\/image-10.png\" alt=\"\" class=\"wp-image-364\" srcset=\"https:\/\/gammatechnologies.fr\/wp-content\/uploads\/2025\/01\/image-10.png 688w, https:\/\/gammatechnologies.fr\/wp-content\/uploads\/2025\/01\/image-10-300x175.png 300w\" sizes=\"auto, (max-width: 688px) 100vw, 688px\" \/><\/figure>\n<\/div>\n\n\n\n<div class=\"wp-block-column is-layout-flow wp-block-column-is-layout-flow\">\n<figure class=\"wp-block-image size-full\"><img loading=\"lazy\" decoding=\"async\" width=\"697\" height=\"400\" src=\"https:\/\/gammatechnologies.fr\/wp-content\/uploads\/2025\/01\/image-11.png\" alt=\"\" class=\"wp-image-365\" srcset=\"https:\/\/gammatechnologies.fr\/wp-content\/uploads\/2025\/01\/image-11.png 697w, https:\/\/gammatechnologies.fr\/wp-content\/uploads\/2025\/01\/image-11-300x172.png 300w\" sizes=\"auto, (max-width: 697px) 100vw, 697px\" \/><\/figure>\n<\/div>\n\n\n\n<div class=\"wp-block-column is-layout-flow wp-block-column-is-layout-flow\"><\/div>\n<\/div>\n\n\n\n<p><\/p>\n","protected":false},"excerpt":{"rendered":"<p>Nous offrons sur une journ\u00e9e les outils minimum et indispensables pour que chaque op\u00e9rateur d&rsquo;une affaire puisse exploiter et apporter sa plus-value sur les plans re\u00e7us, les annoter et les diffuser \u00e0 ses \u00e9quipes. Dur\u00e9e Support p\u00e9dagogique Public concern\u00e9 Domaines&nbsp; Infrastructures, routes, b\u00e2timents, industrie, m\u00e9canique\u2026 Avantages apport\u00e9s Objectifs de la formation Plan de la formation &hellip; <\/p>\n<p class=\"link-more\"><a href=\"https:\/\/gammatechnologies.fr\/index.php\/formation-autocad-pack-ingenieur\/\" class=\"more-link\">Lire la suite de<span class=\"screen-reader-text\">\u00ab\u00a0Formation Autocad Ing\u00e9nieur\u00a0\u00bb<\/span><\/a><\/p>\n","protected":false},"author":1,"featured_media":0,"parent":0,"menu_order":0,"comment_status":"closed","ping_status":"closed","template":"","meta":{"footnotes":""},"class_list":["post-362","page","type-page","status-publish","hentry"],"_links":{"self":[{"href":"https:\/\/gammatechnologies.fr\/index.php\/wp-json\/wp\/v2\/pages\/362","targetHints":{"allow":["GET"]}}],"collection":[{"href":"https:\/\/gammatechnologies.fr\/index.php\/wp-json\/wp\/v2\/pages"}],"about":[{"href":"https:\/\/gammatechnologies.fr\/index.php\/wp-json\/wp\/v2\/types\/page"}],"author":[{"embeddable":true,"href":"https:\/\/gammatechnologies.fr\/index.php\/wp-json\/wp\/v2\/users\/1"}],"replies":[{"embeddable":true,"href":"https:\/\/gammatechnologies.fr\/index.php\/wp-json\/wp\/v2\/comments?post=362"}],"version-history":[{"count":4,"href":"https:\/\/gammatechnologies.fr\/index.php\/wp-json\/wp\/v2\/pages\/362\/revisions"}],"predecessor-version":[{"id":373,"href":"https:\/\/gammatechnologies.fr\/index.php\/wp-json\/wp\/v2\/pages\/362\/revisions\/373"}],"wp:attachment":[{"href":"https:\/\/gammatechnologies.fr\/index.php\/wp-json\/wp\/v2\/media?parent=362"}],"curies":[{"name":"wp","href":"https:\/\/api.w.org\/{rel}","templated":true}]}}