{"id":330,"date":"2025-01-10T05:40:58","date_gmt":"2025-01-10T04:40:58","guid":{"rendered":"https:\/\/gammatechnologies.fr\/?page_id=330"},"modified":"2025-07-04T16:43:09","modified_gmt":"2025-07-04T14:43:09","slug":"qui-sommes-nous","status":"publish","type":"page","link":"https:\/\/gammatechnologies.fr\/index.php\/qui-sommes-nous\/","title":{"rendered":"Qui sommes-nous ?"},"content":{"rendered":"\n<p class=\"has-large-font-size\"><strong>20 ans d\u00e9j\u00e0.<\/strong><\/p>\n\n\n\n<p>Gamma est n\u00e9 d&rsquo;une exp\u00e9rience de plus de 20 ans en bureau d\u2019\u00e9tude, \u00e0 l&rsquo;international, tant du cot\u00e9 de la ma\u00eetrise d&rsquo;ouvrage que de la ma\u00eetrise d&rsquo;\u0153uvre.<\/p>\n\n\n\n<p>Le c\u0153ur de m\u00e9tier de Gamma reste les infrastructures routi\u00e8res et ferroviaires, l&rsquo;am\u00e9nagement du territoire au sens large, m\u00eame si les missions premi\u00e8res venaient du g\u00e9nie civil routier.<\/p>\n\n\n\n<p><strong>Production DAO \/ CAO, phases EP, AVP, PRO, DCE, EXE.<\/strong><\/p>\n\n\n\n<p>Les prestations propos\u00e9es concernent essentiellement la production de pi\u00e8ces graphiques et \u00e9crites \u00e0 l\u2019attention de MOA, MOE, BE et Entreprise de TP.<\/p>\n\n\n\n<p>Gamma est \u00e9quip\u00e9 de l\u2019incontournable Autocad et de Covadis (suite SOGELINK), mais aussi de Revit pour les projets multi-m\u00e9tiers sans en \u00eatre pleinement sp\u00e9cialistes.<\/p>\n\n\n\n<p>Nous int\u00e9grons dans nos process de production : <\/p>\n\n\n\n<p>&#8211; Analyse des donn\u00e9es d&rsquo;entr\u00e9es (Lev\u00e9s topographiques, r\u00e9seaux existants\u2026).<br>&#8211; Pr\u00e9paration des maquettes des plans (Synoptique, Cartouche, VP, PL, Styles des lignes, Etiquettes, Blocs, Orthophotos&#8230;).<br>&#8211; Dessin d&rsquo;\u00e9tude et d&rsquo;ex\u00e9cution (Faisabilit\u00e9, APS, APD, PRO, DCE, DEX MOE, EXE..).<br>&#8211; Triangulation des terrains sur la base des donn\u00e9es 3D fournis.<br>&#8211; Etude g\u00e9om\u00e9trique (Calage des bretelles, construction des PT types, Axe, PL&#8230;).<br>&#8211; Etude VRD (EP, EU, Calage hydrauliques, Lignes d&rsquo;\u00e9coulement, PL et M\u00e9tr\u00e9s\u2026).<br>&#8211; Dessin et habillage des plans (Signalisation, G\u00e9om\u00e9trie, Equipement, Balisage\u2026).<br>&#8211; Etude de visibilit\u00e9.<br>&#8211; Mod\u00e9lisation des plates formes projets \u00e0 partir des restitutions 3D.<br>&#8211; Cr\u00e9ation des maquettes BIM.<br>&#8211; Pr\u00e9paration des rapports de listing d&rsquo;implantation g\u00e9om\u00e9triques et assainissement.<br>&#8211; R\u00e9daction des rapports des cubatures et calculs des prix.<br>&#8211; R\u00e9daction des fiches Visas EXE.<\/p>\n\n\n\n<figure class=\"wp-block-image\"><img decoding=\"async\" src=\"https:\/\/lh7-rt.googleusercontent.com\/docsz\/AD_4nXfnlFwIeafX3gmkWPiaL7cKVOoJHs0a_mdvJBrXwt0U0Bna1-ylrwOG8W3vXLgpIqg6mkecgqZQ_49rlu8V4fYQ35mXJG2BeKj_qpg564l0ESgRXPVog_rFbfGN6hPnUYBGpa_qRA?key=8RelrUmH2mAtr6yi60LfdT3K\" alt=\"\"\/><\/figure>\n\n\n\n<figure class=\"wp-block-image\"><img decoding=\"async\" src=\"https:\/\/lh7-rt.googleusercontent.com\/docsz\/AD_4nXdVeiaVVAi5OqPTJ4BefdaE15HnpjSfD_iDSnht9UBwfXD-ayhfpvV9xiqygw0HZCMwG_eF9RdYohAuDsEy1WOhzbSRQ-Jr6Iu0VeoxOz1uog9rMYmcRCSXa1W470FdADgMxSut2Q?key=8RelrUmH2mAtr6yi60LfdT3K\" alt=\"\"\/><\/figure>\n\n\n\n<p><\/p>\n\n\n\n<p><strong>Des comp\u00e9tences \u00e9largies.<\/strong><\/p>\n\n\n\n<p>Au CD13 nous avons \u00e9largi nos comp\u00e9tences tant aux domaines amont de la conception (Recueil de donn\u00e9es d\u2019entr\u00e9e, enjeux environnementaux, animation de r\u00e9union, rencontre avec les institutions, march\u00e9s publics) qu\u2019aux domaines aval avec les suivis de chantier (Visas, Recolements\u2026)<\/p>\n\n\n\n<p>&nbsp;En compl\u00e9ment de la responsabilit\u00e9 technique, nous int\u00e9grions pleinement les responsabilit\u00e9s administratives et budg\u00e9taires de nos op\u00e9rations.<\/p>\n\n\n\n<figure class=\"wp-block-image aligncenter size-large is-resized\"><img loading=\"lazy\" decoding=\"async\" width=\"1024\" height=\"578\" src=\"https:\/\/gammatechnologies.fr\/wp-content\/uploads\/2025\/01\/image-4-1024x578.png\" alt=\"\" class=\"wp-image-345\" style=\"width:675px;height:auto\" srcset=\"https:\/\/gammatechnologies.fr\/wp-content\/uploads\/2025\/01\/image-4-1024x578.png 1024w, https:\/\/gammatechnologies.fr\/wp-content\/uploads\/2025\/01\/image-4-300x169.png 300w, https:\/\/gammatechnologies.fr\/wp-content\/uploads\/2025\/01\/image-4.png 1644w\" sizes=\"auto, (max-width: 1024px) 100vw, 1024px\" \/><\/figure>\n\n\n\n<div style=\"height:110px\" aria-hidden=\"true\" class=\"wp-block-spacer\"><\/div>\n\n\n\n<p style=\"font-size:clamp(18.959px, 1.185rem + ((1vw - 3.2px) * 1.15), 30px);\"><strong>Projets d\u00e9partementaux<\/strong><\/p>\n\n\n\n<p><strong><em>Giratoires d\u00e9partementaux<\/em><\/strong><\/p>\n\n\n\n<figure class=\"wp-block-image\"><img decoding=\"async\" src=\"https:\/\/lh7-rt.googleusercontent.com\/docsz\/AD_4nXc9_5bkIg5J6pw_brmU-cUwearfSSfdl8YhKBVefc2agZ6r7IVMp5XCSzLCCPX3wnzDtY1RLkDWMHQk-1ErK9TA0aVhUzLsWJkYeBvbvQ51r0eF0REbXovEiorjLqmxtGF9elavZA?key=8RelrUmH2mAtr6yi60LfdT3K\" alt=\"\"\/><\/figure>\n\n\n\n<p class=\"has-x-small-font-size\"><strong><em>Cr\u00e9dit&nbsp; CD13<\/em><\/strong><\/p>\n\n\n\n<figure class=\"wp-block-image\"><img decoding=\"async\" src=\"https:\/\/lh7-rt.googleusercontent.com\/docsz\/AD_4nXdn_59pZljRwlxwZdLBEVtdyfoVm9PMSOZNbTb91qJqlRyNWwmyix-LlmVs4qP0O6zTFhBUvmOARt2pIPRWybgXUQ42c5nCah8_aKwD39K_I18JIAQJxOO7I6zNYotqBsKQ9h1jkw?key=8RelrUmH2mAtr6yi60LfdT3K\" alt=\"\"\/><\/figure>\n\n\n\n<p class=\"has-x-small-font-size\"><strong><em>Cr\u00e9dit&nbsp; CD13<\/em><\/strong><\/p>\n\n\n\n<div style=\"height:100px\" aria-hidden=\"true\" class=\"wp-block-spacer\"><\/div>\n\n\n\n<p><em><strong><em>Barreau de Sulauze Miramas<\/em><\/strong><\/em><\/p>\n\n\n\n<figure class=\"wp-block-image\"><img decoding=\"async\" src=\"https:\/\/lh7-rt.googleusercontent.com\/docsz\/AD_4nXfFNHoPAJu2zeO0fF1EbASRo7ucW6fuxHxq55nr-4PvzAWW-hXN1Ghj5bCuA8DlMpyHeWQCM7T6LMzavk-NkuAXMHhs58RnzAu-L4X86i373ayWrmlV68Xp-lHhJ_p1s3raXwVF?key=8RelrUmH2mAtr6yi60LfdT3K\" alt=\"\"\/><\/figure>\n\n\n\n<p class=\"has-x-small-font-size\"><strong><em>Cr\u00e9dit&nbsp; CD13<\/em><\/strong><\/p>\n\n\n\n<div style=\"height:46px\" aria-hidden=\"true\" class=\"wp-block-spacer\"><\/div>\n\n\n\n<p class=\"has-large-font-size\"><strong>Collaborations et r\u00e9alisations.<\/strong><\/p>\n\n\n\n<p style=\"font-size:clamp(18.959px, 1.185rem + ((1vw - 3.2px) * 1.15), 30px);\"><strong>Routes, autoroutes<\/strong><\/p>\n\n\n\n<p><strong><em>Travaux A9&nbsp;<\/em><\/strong><\/p>\n\n\n\n<figure class=\"wp-block-image\"><img decoding=\"async\" src=\"https:\/\/lh7-rt.googleusercontent.com\/docsz\/AD_4nXcdO-VyPLe6_NlXqm4MiNvoG6mIX_R7VB6OeyAihP7rzXH9zV8Q26u66iIkYUF9IBAYpM0e3pTu3BpVG8xKDSahBtZqHPnvKJ2TVK2ekaI8XZJu-MBIWzjgmQRkzbwfL1ZUeEF4vg?key=8RelrUmH2mAtr6yi60LfdT3K\" alt=\"\"\/><\/figure>\n\n\n\n<p class=\"has-x-small-font-size\"><em><\/em><strong><em>Cr\u00e9dit Vinci Autoroutes<\/em><\/strong><\/p>\n\n\n\n<p><strong><em>Travaux d&rsquo;\u00e9largissement A57<\/em><\/strong><\/p>\n\n\n\n<figure class=\"wp-block-image\"><img decoding=\"async\" src=\"https:\/\/lh7-rt.googleusercontent.com\/docsz\/AD_4nXcVvyB58oGSTDE5QtwA0ZcriOiRT6MpYiH_H_ezNROkkodYzC8yiRXHEJWyqYHNGQMn3c9UObR8t48YbQGBIMbMCNevhus_Sv8j3M3iNFOEfv7U3OzMyvu_Hof9f8_ziTPpfz7x-Q?key=8RelrUmH2mAtr6yi60LfdT3K\" alt=\"\"\/><\/figure>\n\n\n\n<p class=\"has-x-small-font-size\"><em><\/em><strong><em>Cr\u00e9dit Vinci Autoroutes<\/em><\/strong><\/p>\n\n\n\n<p><em><strong><em>Travaux d&rsquo;\u00e9largissement A52<\/em><\/strong><\/em><\/p>\n\n\n\n<figure class=\"wp-block-image\"><img decoding=\"async\" src=\"https:\/\/lh7-rt.googleusercontent.com\/docsz\/AD_4nXcnmt5DNUzboliPQKj1e0QmKBLoUk6nO5dMLeAD0p0FDIwQ7YAsdVX_0WTlCw00UNwi8xJib3BLymIvk4f8t1IytmIwYx9hIFptGaO1OzwdHzgATF6akBho5cifecXlAbjvp4AE5g?key=8RelrUmH2mAtr6yi60LfdT3K\" alt=\"\"\/><\/figure>\n\n\n\n<p class=\"has-x-small-font-size\"><strong><em>Cr\u00e9dit Vinci Autoroutes<\/em><\/strong><\/p>\n\n\n\n<figure class=\"wp-block-image\"><img decoding=\"async\" src=\"https:\/\/lh7-rt.googleusercontent.com\/docsz\/AD_4nXeKH7zs7rrtm9ec9dSu-XXDxnyGYxT2YaAW0YCV6NYJ-k1rIKN3wGqgSs2lrl73NAyA5ZDtx7F8gO5xRh26SNKF4k1Eo7zMlo_NWy0jrgQWPc-epVtWxcNEscrM2O0BAAblxGeh?key=8RelrUmH2mAtr6yi60LfdT3K\" alt=\"\"\/><\/figure>\n\n\n\n<p class=\"has-x-small-font-size\"><strong><em>Cr\u00e9dit Vinci Autoroutes<\/em><\/strong><\/p>\n\n\n\n<div style=\"height:122px\" aria-hidden=\"true\" class=\"wp-block-spacer\"><\/div>\n\n\n\n<p style=\"font-size:clamp(18.959px, 1.185rem + ((1vw - 3.2px) * 1.15), 30px);\"><strong>Rails<\/strong><\/p>\n\n\n\n<p><strong><em>High Speed 2 (HS2)<\/em><\/strong><\/p>\n\n\n\n<figure class=\"wp-block-image\"><img decoding=\"async\" src=\"https:\/\/lh7-rt.googleusercontent.com\/docsz\/AD_4nXfOnBEw4adyApcm88oSK8t_pe7HX7Zm-9pUFBJmy484XwPiqP7K698Ke7MkpbD1uX2ndDwG4pQYSkMlD4h7oYueRH1_eZhwFplYh4rO7Yx7Z4bS7TUJp6jhx4MHiUaBGjtIqK9w?key=8RelrUmH2mAtr6yi60LfdT3K\" alt=\"\"\/><\/figure>\n\n\n\n<p class=\"has-x-small-font-size\"><strong><em>Cr\u00e9dit&nbsp; mediacentre.hs2.org<\/em><\/strong><\/p>\n\n\n\n<div style=\"height:100px\" aria-hidden=\"true\" class=\"wp-block-spacer\"><\/div>\n\n\n\n<p><em><strong>CNM &#8211; Contournement de N\u00eemes-Montpellier<\/strong><\/em><\/p>\n\n\n\n<figure class=\"wp-block-image\"><img decoding=\"async\" src=\"https:\/\/lh7-rt.googleusercontent.com\/docsz\/AD_4nXeHVn3mrQQcW7pkLJyF3b2pMBnkCosgjU6CQH0lonYZUT9-bzVX4Uaz88oes_RegChy0k63hNQ75qgtBAfV7bxCdKHjzOp7GxUtOqs751xGxRvoA0w0AfKu0aTn1hzv3uu82qy0?key=8RelrUmH2mAtr6yi60LfdT3K\" alt=\"\"\/><\/figure>\n\n\n\n<p class=\"has-x-small-font-size\"><strong><em>Cr\u00e9dit Vinci Oc\u2019Via<\/em><\/strong><\/p>\n\n\n\n<div style=\"height:60px\" aria-hidden=\"true\" class=\"wp-block-spacer\"><\/div>\n\n\n\n<p><em><strong>Ligne \u00e0 Grande Vitesse Bretagne Pays de Loire<\/strong><\/em><\/p>\n\n\n\n<figure class=\"wp-block-image\"><img decoding=\"async\" src=\"https:\/\/lh7-rt.googleusercontent.com\/docsz\/AD_4nXdHisXEoain4dxLf5-dItrl7yvKT_98r1sK_YUjX3I1cNqHrGUK_UREJ2qrso212egY8AWVlMzX5y9ATm7ZVPNoOxvd7xOc-0ci5nEjkgXRW_go-ltxkBgi8xrJE5uKln_ribwugA?key=8RelrUmH2mAtr6yi60LfdT3K\" alt=\"\"\/><\/figure>\n\n\n\n<div style=\"height:121px\" aria-hidden=\"true\" class=\"wp-block-spacer\"><\/div>\n\n\n\n<p><\/p>\n","protected":false},"excerpt":{"rendered":"<p>20 ans d\u00e9j\u00e0. Gamma est n\u00e9 d&rsquo;une exp\u00e9rience de plus de 20 ans en bureau d\u2019\u00e9tude, \u00e0 l&rsquo;international, tant du cot\u00e9 de la ma\u00eetrise d&rsquo;ouvrage que de la ma\u00eetrise d&rsquo;\u0153uvre. Le c\u0153ur de m\u00e9tier de Gamma reste les infrastructures routi\u00e8res et ferroviaires, l&rsquo;am\u00e9nagement du territoire au sens large, m\u00eame si les missions premi\u00e8res venaient du &hellip; <\/p>\n<p class=\"link-more\"><a href=\"https:\/\/gammatechnologies.fr\/index.php\/qui-sommes-nous\/\" class=\"more-link\">Lire la suite de<span class=\"screen-reader-text\">\u00ab\u00a0Qui sommes-nous ?\u00a0\u00bb<\/span><\/a><\/p>\n","protected":false},"author":1,"featured_media":0,"parent":0,"menu_order":0,"comment_status":"closed","ping_status":"closed","template":"","meta":{"footnotes":""},"class_list":["post-330","page","type-page","status-publish","hentry"],"_links":{"self":[{"href":"https:\/\/gammatechnologies.fr\/index.php\/wp-json\/wp\/v2\/pages\/330","targetHints":{"allow":["GET"]}}],"collection":[{"href":"https:\/\/gammatechnologies.fr\/index.php\/wp-json\/wp\/v2\/pages"}],"about":[{"href":"https:\/\/gammatechnologies.fr\/index.php\/wp-json\/wp\/v2\/types\/page"}],"author":[{"embeddable":true,"href":"https:\/\/gammatechnologies.fr\/index.php\/wp-json\/wp\/v2\/users\/1"}],"replies":[{"embeddable":true,"href":"https:\/\/gammatechnologies.fr\/index.php\/wp-json\/wp\/v2\/comments?post=330"}],"version-history":[{"count":17,"href":"https:\/\/gammatechnologies.fr\/index.php\/wp-json\/wp\/v2\/pages\/330\/revisions"}],"predecessor-version":[{"id":463,"href":"https:\/\/gammatechnologies.fr\/index.php\/wp-json\/wp\/v2\/pages\/330\/revisions\/463"}],"wp:attachment":[{"href":"https:\/\/gammatechnologies.fr\/index.php\/wp-json\/wp\/v2\/media?parent=330"}],"curies":[{"name":"wp","href":"https:\/\/api.w.org\/{rel}","templated":true}]}}