{"id":10,"date":"2024-12-15T12:20:28","date_gmt":"2024-12-15T11:20:28","guid":{"rendered":"http:\/\/gammatechnologies.fr\/?page_id=10"},"modified":"2025-07-04T16:38:41","modified_gmt":"2025-07-04T14:38:41","slug":"contact-2","status":"publish","type":"page","link":"https:\/\/gammatechnologies.fr\/index.php\/contact-2\/","title":{"rendered":"Contact"},"content":{"rendered":"\n<div class=\"wp-block-group has-global-padding is-layout-constrained wp-block-group-is-layout-constrained\">\n<div class=\"wp-block-columns are-vertically-aligned-top is-layout-flex wp-container-core-columns-is-layout-d7d455e7 wp-block-columns-is-layout-flex\" style=\"padding-top:0;padding-right:0;padding-bottom:0;padding-left:0\">\n<div class=\"wp-block-column is-vertically-aligned-top is-layout-flow wp-block-column-is-layout-flow\" style=\"padding-right:7%;flex-basis:50%\">\n<h2 class=\"wp-block-heading has-medium-font-size\">Cl\u00e9ment Magnin 06 69 17 74 09<\/h2>\n\n\n\n<p>cma@gammatechnologies.fr<\/p>\n<\/div>\n\n\n\n<div class=\"wp-block-column is-vertically-aligned-top is-layout-flow wp-block-column-is-layout-flow\" style=\"flex-basis:50%\"><\/div>\n<\/div>\n<\/div>\n\n\n\n<div class=\"wp-block-group alignfull has-global-padding is-layout-constrained wp-container-core-group-is-layout-19e250f3 wp-block-group-is-layout-constrained\">\n<div class=\"wp-block-group is-nowrap is-layout-flex wp-container-core-group-is-layout-6c531013 wp-block-group-is-layout-flex\">\n<figure class=\"wp-block-image size-large is-resized\"><img loading=\"lazy\" decoding=\"async\" width=\"1024\" height=\"648\" src=\"http:\/\/gammatechnologies.fr\/wp-content\/uploads\/2024\/12\/CMA-photo-bureauV2-1024x648.jpg\" alt=\"\" class=\"wp-image-122\" style=\"width:820px;height:auto\" srcset=\"https:\/\/gammatechnologies.fr\/wp-content\/uploads\/2024\/12\/CMA-photo-bureauV2-1024x648.jpg 1024w, https:\/\/gammatechnologies.fr\/wp-content\/uploads\/2024\/12\/CMA-photo-bureauV2-300x190.jpg 300w, https:\/\/gammatechnologies.fr\/wp-content\/uploads\/2024\/12\/CMA-photo-bureauV2.jpg 1526w\" sizes=\"auto, (max-width: 1024px) 100vw, 1024px\" \/><\/figure>\n\n\n\n<div class=\"wp-block-group alignfull has-global-padding is-content-justification-right is-layout-constrained wp-container-core-group-is-layout-f1f2ed93 wp-block-group-is-layout-constrained\">\n<p><\/p>\n\n\n\n<p>\u00ab\u00a0Je fais ce m\u00e9tier parce que j\u2019ai un esprit de b\u00e2tisseur\u00a0\u00bb<\/p>\n\n\n\n<p>\u00ab\u00a0Une exp\u00e9rience de 20 ans en bureau d\u2019\u00e9tudes pluridisciplinaire, des phases pr\u00e9liminaires tr\u00e8s conceptuelles \u00e0 la ma\u00eetrise d\u2019\u0153uvre concr\u00e8te. Ce parcours m\u2019a permis de couvrir un vaste \u00e9ventail de comp\u00e9tences permettant l\u2019expression technique et le chiffrage de projets routier, ferroviaire ou d\u2019am\u00e9nagements urbain dans le domaine des infrastructures.<\/p>\n\n\n\n<p>Mes missions m&rsquo;ont amen\u00e9 \u00e0 explorer des domaines industriels aupr\u00e8s desquels j\u2019ai acquis de solides comp\u00e9tences en tuyauterie industrielles et en chaudronnerie.\u00a0\u00bb<\/p>\n\n\n\n<p>R\u00e9f\u00e9rences principales&nbsp;: CD13, Mairie de Martigues, Setec Inter, TyssenKrupp, Areva.<\/p>\n<\/div>\n<\/div>\n<\/div>\n\n\n\n<p><\/p>\n","protected":false},"excerpt":{"rendered":"<p>Cl\u00e9ment Magnin 06 69 17 74 09 cma@gammatechnologies.fr \u00ab\u00a0Je fais ce m\u00e9tier parce que j\u2019ai un esprit de b\u00e2tisseur\u00a0\u00bb \u00ab\u00a0Une exp\u00e9rience de 20 ans en bureau d\u2019\u00e9tudes pluridisciplinaire, des phases pr\u00e9liminaires tr\u00e8s conceptuelles \u00e0 la ma\u00eetrise d\u2019\u0153uvre concr\u00e8te. Ce parcours m\u2019a permis de couvrir un vaste \u00e9ventail de comp\u00e9tences permettant l\u2019expression technique et le chiffrage &hellip; <\/p>\n<p class=\"link-more\"><a href=\"https:\/\/gammatechnologies.fr\/index.php\/contact-2\/\" class=\"more-link\">Lire la suite de<span class=\"screen-reader-text\">\u00ab\u00a0Contact\u00a0\u00bb<\/span><\/a><\/p>\n","protected":false},"author":1,"featured_media":0,"parent":0,"menu_order":0,"comment_status":"closed","ping_status":"closed","template":"","meta":{"footnotes":""},"class_list":["post-10","page","type-page","status-publish","hentry"],"_links":{"self":[{"href":"https:\/\/gammatechnologies.fr\/index.php\/wp-json\/wp\/v2\/pages\/10","targetHints":{"allow":["GET"]}}],"collection":[{"href":"https:\/\/gammatechnologies.fr\/index.php\/wp-json\/wp\/v2\/pages"}],"about":[{"href":"https:\/\/gammatechnologies.fr\/index.php\/wp-json\/wp\/v2\/types\/page"}],"author":[{"embeddable":true,"href":"https:\/\/gammatechnologies.fr\/index.php\/wp-json\/wp\/v2\/users\/1"}],"replies":[{"embeddable":true,"href":"https:\/\/gammatechnologies.fr\/index.php\/wp-json\/wp\/v2\/comments?post=10"}],"version-history":[{"count":12,"href":"https:\/\/gammatechnologies.fr\/index.php\/wp-json\/wp\/v2\/pages\/10\/revisions"}],"predecessor-version":[{"id":460,"href":"https:\/\/gammatechnologies.fr\/index.php\/wp-json\/wp\/v2\/pages\/10\/revisions\/460"}],"wp:attachment":[{"href":"https:\/\/gammatechnologies.fr\/index.php\/wp-json\/wp\/v2\/media?parent=10"}],"curies":[{"name":"wp","href":"https:\/\/api.w.org\/{rel}","templated":true}]}}